{"id":73,"date":"2024-06-23T15:37:03","date_gmt":"2024-06-23T15:37:03","guid":{"rendered":"https:\/\/bluegreenexercise.eu\/?page_id=73"},"modified":"2024-11-24T14:43:41","modified_gmt":"2024-11-24T14:43:41","slug":"partners","status":"publish","type":"page","link":"https:\/\/deep.bluegreenexercise.eu\/?page_id=73","title":{"rendered":"Partners"},"content":{"rendered":"\n<div class=\"wp-block-group alignfull has-global-padding is-layout-constrained wp-container-core-group-is-layout-490fa1db wp-block-group-is-layout-constrained\" style=\"padding-top:var(--wp--preset--spacing--50);padding-right:var(--wp--preset--spacing--50);padding-bottom:var(--wp--preset--spacing--50);padding-left:var(--wp--preset--spacing--50)\">\n<div class=\"wp-block-group has-global-padding is-layout-constrained wp-container-core-group-is-layout-650790e1 wp-block-group-is-layout-constrained\">\n<h1 class=\"wp-block-heading has-text-align-center has-x-large-font-size\">The project&#8217;s partners are from four different countries<\/h1>\n\n\n\n<div style=\"height:1.25rem\" aria-hidden=\"true\" class=\"wp-block-spacer\"><\/div>\n\n\n\n<p class=\"has-text-align-center has-large-font-size\"><strong>Greece &#8211; Malta &#8211; Italy -Portugal<\/strong><\/p>\n\n\n\n<div style=\"height:1.25rem\" aria-hidden=\"true\" class=\"wp-block-spacer\"><\/div>\n<\/div>\n<\/div>\n\n\n\n<div class=\"wp-block-group alignfull has-base-2-background-color has-background has-global-padding is-layout-constrained wp-container-core-group-is-layout-669513ed wp-block-group-is-layout-constrained\" style=\"margin-top:0;margin-bottom:0;padding-top:var(--wp--preset--spacing--50);padding-right:var(--wp--preset--spacing--50);padding-bottom:var(--wp--preset--spacing--50);padding-left:var(--wp--preset--spacing--50)\">\n<div class=\"wp-block-group is-vertical is-content-justification-center is-layout-flex wp-container-core-group-is-layout-52b864f0 wp-block-group-is-layout-flex\">\n<div style=\"height:0px\" aria-hidden=\"true\" class=\"wp-block-spacer wp-container-content-4f2ccadb\"><\/div>\n\n\n\n<p class=\"has-text-align-center\"><\/p>\n<\/div>\n\n\n\n<div class=\"wp-block-columns alignwide is-layout-flex wp-container-core-columns-is-layout-d0bbbce0 wp-block-columns-is-layout-flex\">\n<div class=\"wp-block-column is-layout-flow wp-container-core-column-is-layout-e3d1c41b wp-block-column-is-layout-flow\">\n<figure class=\"wp-block-image size-full is-resized\"><img loading=\"lazy\" decoding=\"async\" width=\"500\" height=\"500\" src=\"https:\/\/deep.bluegreenexercise.eu\/wp-content\/uploads\/2024\/02\/NEO-LOGO-1.png\" alt=\"\" class=\"wp-image-27\" style=\"width:126px;height:auto\" srcset=\"https:\/\/deep.bluegreenexercise.eu\/wp-content\/uploads\/2024\/02\/NEO-LOGO-1.png 500w, https:\/\/deep.bluegreenexercise.eu\/wp-content\/uploads\/2024\/02\/NEO-LOGO-1-300x300.png 300w, https:\/\/deep.bluegreenexercise.eu\/wp-content\/uploads\/2024\/02\/NEO-LOGO-1-150x150.png 150w\" sizes=\"auto, (max-width: 500px) 100vw, 500px\" \/><\/figure>\n\n\n\n<h3 class=\"wp-block-heading has-text-align-left is-style-asterisk has-body-font-family has-medium-font-size\" style=\"font-style:normal;font-weight:600\">Anemos Nautical and Cultural Club<br><\/h3>\n\n\n\n<p class=\"has-text-align-left\">Anemos (mean wind in Greek) was created in 2005 in Chania-Greece. Develops the sports of volley, beach volley, beach tennis, badminton, triathlon, open water swimming, and weightlifting for all ages, children, and adults. Anemos, has a great experience organizing games in all these sports. In addition, organizes workshops for a healthy life, psychology etc,. The club\u2019s philosophy is to promote physical and psychological health via sports and exercise, and enjoy participation in sports.<\/p>\n<\/div>\n\n\n\n<div class=\"wp-block-column is-layout-flow wp-container-core-column-is-layout-e3d1c41b wp-block-column-is-layout-flow\">\n<figure class=\"wp-block-image size-large is-resized\"><img loading=\"lazy\" decoding=\"async\" width=\"1024\" height=\"539\" src=\"https:\/\/deep.bluegreenexercise.eu\/wp-content\/uploads\/2024\/02\/CIM_MT_LOGO_VERTICAL-1024x539.png\" alt=\"\" class=\"wp-image-23\" style=\"width:198px;height:auto\" srcset=\"https:\/\/deep.bluegreenexercise.eu\/wp-content\/uploads\/2024\/02\/CIM_MT_LOGO_VERTICAL-1024x539.png 1024w, https:\/\/deep.bluegreenexercise.eu\/wp-content\/uploads\/2024\/02\/CIM_MT_LOGO_VERTICAL-300x158.png 300w, https:\/\/deep.bluegreenexercise.eu\/wp-content\/uploads\/2024\/02\/CIM_MT_LOGO_VERTICAL-768x404.png 768w, https:\/\/deep.bluegreenexercise.eu\/wp-content\/uploads\/2024\/02\/CIM_MT_LOGO_VERTICAL-1536x808.png 1536w, https:\/\/deep.bluegreenexercise.eu\/wp-content\/uploads\/2024\/02\/CIM_MT_LOGO_VERTICAL.png 1824w\" sizes=\"auto, (max-width: 1024px) 100vw, 1024px\" \/><\/figure>\n\n\n\n<h3 class=\"wp-block-heading has-text-align-left is-style-asterisk has-body-font-family has-medium-font-size\" style=\"font-style:normal;font-weight:600\">CIMT (Comunidade Intermunicipal do M\u00e9dio Tejo)<\/h3>\n\n\n\n<p class=\"has-text-align-left\">CIMT is a public regional body, working for a territory that<br>includes 13 municipalities in the Centre region of Portugal and almost 230.000 inhabitants. The organization works in different competence areas, going from the management of EU structural and investment funds, till other regional initiatives concerning economic development, environment, transports, IT, tourism, training, education, cultural and natural heritage, museums and public libraries, social issues, equality and no discrimination policies, or sports. CIMT has legal personality as it is an<br>inter-municipal entity of an associative nature with a territorial scope (NUTIII), governed by Portuguese Law No. 75\/2013, including the municipalities of Abrantes, Alcanena, Const\u00e2ncia, Entroncamento, Ferreira do Z\u00eazere, Ma\u00e7\u00e3o, Our\u00e9m, Sardoal, Sert\u00e3, Tomar, Torres Novas, Vila de Rei e Vila Nova da Barquinha.<\/p>\n<\/div>\n<\/div>\n\n\n\n<div style=\"height:var(--wp--preset--spacing--20)\" aria-hidden=\"true\" class=\"wp-block-spacer\"><\/div>\n\n\n\n<div class=\"wp-block-columns alignwide is-layout-flex wp-container-core-columns-is-layout-d0bbbce0 wp-block-columns-is-layout-flex\">\n<div class=\"wp-block-column is-layout-flow wp-container-core-column-is-layout-e3d1c41b wp-block-column-is-layout-flow\">\n<figure class=\"wp-block-image size-full is-resized\"><img loading=\"lazy\" decoding=\"async\" width=\"615\" height=\"723\" src=\"https:\/\/deep.bluegreenexercise.eu\/wp-content\/uploads\/2024\/02\/Regjun-Tramuntana-Emblem-1.png\" alt=\"\" class=\"wp-image-29\" style=\"width:89px;height:auto\" srcset=\"https:\/\/deep.bluegreenexercise.eu\/wp-content\/uploads\/2024\/02\/Regjun-Tramuntana-Emblem-1.png 615w, https:\/\/deep.bluegreenexercise.eu\/wp-content\/uploads\/2024\/02\/Regjun-Tramuntana-Emblem-1-255x300.png 255w\" sizes=\"auto, (max-width: 615px) 100vw, 615px\" \/><\/figure>\n\n\n\n<h3 class=\"wp-block-heading has-text-align-left is-style-asterisk has-body-font-family has-medium-font-size\" style=\"font-style:normal;font-weight:600\">Re\u0121jun Tramuntana<\/h3>\n\n\n\n<p>Re\u0121jun Tramuntana is the Northern region of Malta composed of nine localities characterized by their environmental heterogeneity. Re\u0121jun Tramuntana\u2019s competences include providing assistance to Local Councils within the Region (see art 37B Local Government Act) \u2013 including the creation of sports events. In the past years, Re\u0121jun Tramuntana organized the Triathlon, the Street Sport Festival and support the local councils in the organization and financially assisting sports events in their locality.<\/p>\n<\/div>\n\n\n\n<div class=\"wp-block-column is-layout-flow wp-container-core-column-is-layout-e3d1c41b wp-block-column-is-layout-flow\">\n<figure class=\"wp-block-image size-full is-resized\"><img loading=\"lazy\" decoding=\"async\" width=\"512\" height=\"512\" src=\"https:\/\/deep.bluegreenexercise.eu\/wp-content\/uploads\/2024\/02\/Trekkify_logo.png\" alt=\"\" class=\"wp-image-24\" style=\"width:108px;height:auto\" srcset=\"https:\/\/deep.bluegreenexercise.eu\/wp-content\/uploads\/2024\/02\/Trekkify_logo.png 512w, https:\/\/deep.bluegreenexercise.eu\/wp-content\/uploads\/2024\/02\/Trekkify_logo-300x300.png 300w, https:\/\/deep.bluegreenexercise.eu\/wp-content\/uploads\/2024\/02\/Trekkify_logo-150x150.png 150w\" sizes=\"auto, (max-width: 512px) 100vw, 512px\" \/><\/figure>\n\n\n\n<h3 class=\"wp-block-heading has-text-align-left is-style-asterisk has-body-font-family has-medium-font-size\" style=\"font-style:normal;font-weight:600\">Trekkify (Associazione Sportiva Dilettantistica)<\/h3>\n\n\n\n<p class=\"has-text-align-left\">Trekkify is a sport association, specifically focused on outdoor activities and mountain sports. Informally born from the idea of five young people who share the love for trekking and outdoor sport, Trekkify has quickly grown its network of members fostering the enhancement of healthy and sporty life. The primary aim of the association is to bring beginners closer to trekking and outdoor activities raising awareness about environmental issues and healthy lifestyle. Furthermore, Trekkify\u2019s sports experiences are aimed at promoting sustainable development, integration and social inclusion. Trekkify is located in the Umbria Region among the Apennines mountains range. It operates within a wide and consolidated network of public and private bodies active in the field of outdoor life and environmental issues<\/p>\n<\/div>\n<\/div>\n\n\n\n<h2 class=\"wp-block-heading has-text-align-center is-style-asterisk\"><\/h2>\n<\/div>\n\n\n\n<div class=\"wp-block-group alignfull has-global-padding is-layout-constrained wp-container-core-group-is-layout-d89aad35 wp-block-group-is-layout-constrained\" style=\"margin-top:0;margin-bottom:0;padding-top:var(--wp--preset--spacing--50);padding-right:var(--wp--preset--spacing--50);padding-bottom:var(--wp--preset--spacing--50);padding-left:var(--wp--preset--spacing--50)\">\n<h2 class=\"wp-block-heading alignwide has-x-large-font-size\" style=\"margin-top:0;margin-bottom:var(--wp--preset--spacing--40);line-height:1\">News<\/h2>\n\n\n\n<div class=\"wp-block-group alignwide has-global-padding is-layout-constrained wp-block-group-is-layout-constrained\">\n<div class=\"wp-block-query alignwide is-layout-flow wp-block-query-is-layout-flow\"><ul class=\"wp-block-post-template is-layout-flow wp-block-post-template-is-layout-flow\"><li class=\"wp-block-post post-354 post type-post status-publish format-standard hentry category-uncategorized\">\n\n<hr class=\"wp-block-separator has-text-color has-contrast-3-color has-alpha-channel-opacity has-contrast-3-background-color has-background alignwide is-style-wide\"\/>\n\n\n\n<div class=\"wp-block-columns alignwide are-vertically-aligned-center is-layout-flex wp-container-core-columns-is-layout-33233fb6 wp-block-columns-is-layout-flex\" style=\"margin-top:var(--wp--preset--spacing--20);margin-bottom:var(--wp--preset--spacing--20)\">\n<div class=\"wp-block-column is-vertically-aligned-center is-layout-flow wp-block-column-is-layout-flow\" style=\"flex-basis:72%\"><h2 style=\"font-size:clamp(0.984rem, 0.984rem + ((1vw - 0.2rem) * 0.86), 1.5rem);line-height:1.1;\" class=\"wp-block-post-title\"><a href=\"https:\/\/deep.bluegreenexercise.eu\/?p=354\" target=\"_self\" >DEEP BLUE GREEN CONFERENCE \ud83c\udf3f<\/a><\/h2><\/div>\n\n\n\n<div class=\"wp-block-column is-vertically-aligned-center is-layout-flow wp-block-column-is-layout-flow\" style=\"flex-basis:28%\"><div class=\"wp-block-template-part\"><\/div><\/div>\n<\/div>\n\n<\/li><li class=\"wp-block-post post-346 post type-post status-publish format-standard hentry category-uncategorized\">\n\n<hr class=\"wp-block-separator has-text-color has-contrast-3-color has-alpha-channel-opacity has-contrast-3-background-color has-background alignwide is-style-wide\"\/>\n\n\n\n<div class=\"wp-block-columns alignwide are-vertically-aligned-center is-layout-flex wp-container-core-columns-is-layout-33233fb6 wp-block-columns-is-layout-flex\" style=\"margin-top:var(--wp--preset--spacing--20);margin-bottom:var(--wp--preset--spacing--20)\">\n<div class=\"wp-block-column is-vertically-aligned-center is-layout-flow wp-block-column-is-layout-flow\" style=\"flex-basis:72%\"><h2 style=\"font-size:clamp(0.984rem, 0.984rem + ((1vw - 0.2rem) * 0.86), 1.5rem);line-height:1.1;\" class=\"wp-block-post-title\"><a href=\"https:\/\/deep.bluegreenexercise.eu\/?p=346\" target=\"_self\" >Deep Blue Green Partners Meeting in Malta<\/a><\/h2><\/div>\n\n\n\n<div class=\"wp-block-column is-vertically-aligned-center is-layout-flow wp-block-column-is-layout-flow\" style=\"flex-basis:28%\"><div class=\"wp-block-template-part\"><\/div><\/div>\n<\/div>\n\n<\/li><li class=\"wp-block-post post-333 post type-post status-publish format-standard hentry category-uncategorized\">\n\n<hr class=\"wp-block-separator has-text-color has-contrast-3-color has-alpha-channel-opacity has-contrast-3-background-color has-background alignwide is-style-wide\"\/>\n\n\n\n<div class=\"wp-block-columns alignwide are-vertically-aligned-center is-layout-flex wp-container-core-columns-is-layout-33233fb6 wp-block-columns-is-layout-flex\" style=\"margin-top:var(--wp--preset--spacing--20);margin-bottom:var(--wp--preset--spacing--20)\">\n<div class=\"wp-block-column is-vertically-aligned-center is-layout-flow wp-block-column-is-layout-flow\" style=\"flex-basis:72%\"><h2 style=\"font-size:clamp(0.984rem, 0.984rem + ((1vw - 0.2rem) * 0.86), 1.5rem);line-height:1.1;\" class=\"wp-block-post-title\"><a href=\"https:\/\/deep.bluegreenexercise.eu\/?p=333\" target=\"_self\" >Deep Blue Green Project in the European Week of Sport 2025<\/a><\/h2><\/div>\n\n\n\n<div class=\"wp-block-column is-vertically-aligned-center is-layout-flow wp-block-column-is-layout-flow\" style=\"flex-basis:28%\"><div class=\"wp-block-template-part\"><\/div><\/div>\n<\/div>\n\n<\/li><\/ul>\n\n\n<div style=\"height:var(--wp--preset--spacing--30)\" aria-hidden=\"true\" class=\"wp-block-spacer\"><\/div>\n\n\n<nav class=\"wp-block-query-pagination is-content-justification-space-between is-layout-flex wp-container-core-query-pagination-is-layout-b2891da8 wp-block-query-pagination-is-layout-flex\" aria-label=\"Pagination\">\n\n\n<div class=\"wp-block-query-pagination-numbers\"><span aria-current=\"page\" class=\"page-numbers current\">1<\/span>\n<a class=\"page-numbers\" href=\"?query-5-page=2&#038;rest_route=%2Fwp%2Fv2%2Fpages%2F73\">2<\/a>\n<a class=\"page-numbers\" href=\"?query-5-page=3&#038;rest_route=%2Fwp%2Fv2%2Fpages%2F73\">3<\/a><\/div>\n\n<a href=\"\/index.php?rest_route=%2Fwp%2Fv2%2Fpages%2F73&#038;query-5-page=2\" class=\"wp-block-query-pagination-next\">Next Page<span class='wp-block-query-pagination-next-arrow is-arrow-arrow' aria-hidden='true'>\u2192<\/span><\/a>\n<\/nav>\n\n<\/div>\n<\/div>\n<\/div>\n\n\n\n<div class=\"wp-block-group alignfull has-global-padding is-layout-constrained wp-container-core-group-is-layout-d89aad35 wp-block-group-is-layout-constrained\" style=\"margin-top:0;margin-bottom:0;padding-top:var(--wp--preset--spacing--50);padding-right:var(--wp--preset--spacing--50);padding-bottom:var(--wp--preset--spacing--50);padding-left:var(--wp--preset--spacing--50)\"><\/div>\n","protected":false},"excerpt":{"rendered":"<p>The project&#8217;s partners are from four different countries Greece &#8211; Malta &#8211; Italy -Portugal Anemos Nautical and Cultural Club Anemos (mean wind in Greek) was created in 2005 in Chania-Greece. Develops the sports of volley, beach volley, beach tennis, badminton, triathlon, open water swimming, and weightlifting for all ages, children, and adults. Anemos, has a [&hellip;]<\/p>\n","protected":false},"author":1,"featured_media":0,"parent":0,"menu_order":0,"comment_status":"closed","ping_status":"closed","template":"","meta":{"footnotes":""},"class_list":["post-73","page","type-page","status-publish","hentry"],"_links":{"self":[{"href":"https:\/\/deep.bluegreenexercise.eu\/index.php?rest_route=\/wp\/v2\/pages\/73","targetHints":{"allow":["GET"]}}],"collection":[{"href":"https:\/\/deep.bluegreenexercise.eu\/index.php?rest_route=\/wp\/v2\/pages"}],"about":[{"href":"https:\/\/deep.bluegreenexercise.eu\/index.php?rest_route=\/wp\/v2\/types\/page"}],"author":[{"embeddable":true,"href":"https:\/\/deep.bluegreenexercise.eu\/index.php?rest_route=\/wp\/v2\/users\/1"}],"replies":[{"embeddable":true,"href":"https:\/\/deep.bluegreenexercise.eu\/index.php?rest_route=%2Fwp%2Fv2%2Fcomments&post=73"}],"version-history":[{"count":9,"href":"https:\/\/deep.bluegreenexercise.eu\/index.php?rest_route=\/wp\/v2\/pages\/73\/revisions"}],"predecessor-version":[{"id":143,"href":"https:\/\/deep.bluegreenexercise.eu\/index.php?rest_route=\/wp\/v2\/pages\/73\/revisions\/143"}],"wp:attachment":[{"href":"https:\/\/deep.bluegreenexercise.eu\/index.php?rest_route=%2Fwp%2Fv2%2Fmedia&parent=73"}],"curies":[{"name":"wp","href":"https:\/\/api.w.org\/{rel}","templated":true}]}}